{"id":12,"date":"2017-04-19T14:43:26","date_gmt":"2017-04-19T11:43:26","guid":{"rendered":"http:\/\/demo.safirtema.com\/pusula\/?page_id=12"},"modified":"2018-05-27T23:08:01","modified_gmt":"2018-05-27T20:08:01","slug":"about-us","status":"publish","type":"page","link":"https:\/\/www.kusadasitaksi.net\/en\/about-us\/","title":{"rendered":"About us"},"content":{"rendered":"\n\n\t\t\t<div class=\"mainHeading noslogan\">\n\t\t\t\t<div class=\"icon kurumsal\"><\/div>\n\t\t\t\t<div class=\"title\">Ku\u015fadas\u0131 Taksi - Osman Zeybek<\/div>\n\t\t\t<\/div>\n\n\t\t\n<p><img loading=\"lazy\" decoding=\"async\" class=\"size-medium wp-image-386 aligncenter\" src=\"https:\/\/www.kusadasitaksi.net\/wp-content\/uploads\/2018\/05\/kusadasi-doblo-taksi-300x225.jpg\" alt=\"kusadasi-doblo-taksi\" width=\"300\" height=\"225\" \/><\/p>\n<p><a href=\"https:\/\/www.kusadasitaksi.net\">Ku\u015fadas\u0131 Taksi.Net<\/a> olarak, Yirmi y\u0131l\u0131 a\u015fk\u0131n tecr\u00fcbeyle bu sekt\u00f6rde hizmet vermekteyiz. G\u00fcvenli ekip ve konforlu ara\u00e7lar\u0131m\u0131z ile siz de\u011ferli m\u00fc\u015fterilerimize en kaliteli ve en uygun hizmeti vermeye gayret ediyoruz. Ku\u015fadas\u0131 Taksi.Net ile ku\u015fadas\u0131 ve \u00e7evresindeki antik yerler hava liman\u0131 hizmeti \u015fehiri\u00e7i hizmeti toplu ta\u015f\u0131ma gibi konularda hizmetinizdeyiz, konforlu ve hesapl\u0131 yolculuklar yapabilirsiniz. Bizi tercih etti\u011finiz i\u00e7in te\u015fekk\u00fcr ederiz.<\/p>\n<p>Yirmi y\u0131l\u0131 a\u015fk\u0131n tecr\u00fcbeyle bu sekt\u00f6rde hizmet vermekteyiz. ku\u015fadas\u0131 ve \u00e7evresindeki antik yerler hava liman\u0131 hizmeti \u015fehiri\u00e7i hizmeti toplu ta\u015f\u0131ma gibi konularda hizmetinizdeyiz.<\/p>\n\n\n\t\t\t<div class=\"mainHeading noslogan\">\n\t\t\t\t<div class=\"icon yildiz\"><\/div>\n\t\t\t\t<div class=\"title\">Misyonumuz<\/div>\n\t\t\t<\/div>\n\n\t\t\n\n\n\t\t\t<div class=\"safir-list\">\n\t\t\t<\/p>\n<ul>\n<li>Kaliteli hizmet<\/li>\n<li>Konforlu ula\u015f\u0131m<\/li>\n<li>G\u00fcven<\/li>\n<li>Prensipli<\/li>\n<\/ul>\n<p>\n\t\t\t<\/div>\n\n\t\t\n\n\n\t\t\t<div class=\"mainHeading noslogan\">\n\t\t\t\t<div class=\"icon kullanici\"><\/div>\n\t\t\t\t<div class=\"title\">Vizyonumuz<\/div>\n\t\t\t<\/div>\n\n\t\t\n<p>Yapm\u0131\u015f oldu\u011fumuz meslekte gen\u00e7 giri\u015fimciler olarak hizmet odakl\u0131 g\u00fcvenilir rahat ve konforlu ula\u015f\u0131m prensipleri belirlemek.M\u00fc\u015fteri gereksinimlerini g\u00f6z \u00f6n\u00fcnde bulundurarak, m\u00fc\u015fteri odakl\u0131, kaliteli hizmet sunmak. M\u00fc\u015fterilerimizin gereksinimlerine odakl\u0131, memnuniyeti en \u00fcst d\u00fczeyde tutan hizmet ve ula\u015f\u0131m anlay\u0131\u015f\u0131 sergilemek.<\/p>\n<p>&nbsp;<\/p>\n","protected":false},"excerpt":{"rendered":"<p>Ku\u015fadas\u0131 Taksi.Net olarak, Yirmi y\u0131l\u0131 a\u015fk\u0131n tecr\u00fcbeyle bu sekt\u00f6rde hizmet vermekteyiz. G\u00fcvenli ekip ve konforlu ara\u00e7lar\u0131m\u0131z ile siz de\u011ferli m\u00fc\u015fterilerimize en kaliteli ve en uygun hizmeti vermeye gayret ediyoruz. Ku\u015fadas\u0131 Taksi.Net ile ku\u015fadas\u0131 ve \u00e7evresindeki antik yerler hava liman\u0131 hizmeti \u015fehiri\u00e7i hizmeti toplu ta\u015f\u0131ma gibi konularda hizmetinizdeyiz, konforlu ve hesapl\u0131 yolculuklar yapabilirsiniz. Bizi tercih etti\u011finiz [&hellip;]<\/p>\n","protected":false},"author":2,"featured_media":0,"parent":0,"menu_order":0,"comment_status":"closed","ping_status":"closed","template":"","meta":{"footnotes":""},"class_list":["post-12","page","type-page","status-publish","hentry"],"aioseo_notices":[],"_links":{"self":[{"href":"https:\/\/www.kusadasitaksi.net\/en\/wp-json\/wp\/v2\/pages\/12","targetHints":{"allow":["GET"]}}],"collection":[{"href":"https:\/\/www.kusadasitaksi.net\/en\/wp-json\/wp\/v2\/pages"}],"about":[{"href":"https:\/\/www.kusadasitaksi.net\/en\/wp-json\/wp\/v2\/types\/page"}],"author":[{"embeddable":true,"href":"https:\/\/www.kusadasitaksi.net\/en\/wp-json\/wp\/v2\/users\/2"}],"replies":[{"embeddable":true,"href":"https:\/\/www.kusadasitaksi.net\/en\/wp-json\/wp\/v2\/comments?post=12"}],"version-history":[{"count":13,"href":"https:\/\/www.kusadasitaksi.net\/en\/wp-json\/wp\/v2\/pages\/12\/revisions"}],"predecessor-version":[{"id":423,"href":"https:\/\/www.kusadasitaksi.net\/en\/wp-json\/wp\/v2\/pages\/12\/revisions\/423"}],"wp:attachment":[{"href":"https:\/\/www.kusadasitaksi.net\/en\/wp-json\/wp\/v2\/media?parent=12"}],"curies":[{"name":"wp","href":"https:\/\/api.w.org\/{rel}","templated":true}]}}